{"id":543,"date":"2016-08-23T17:20:06","date_gmt":"2016-08-23T16:20:06","guid":{"rendered":"http:\/\/waffenblog.tetra-gun.de\/?page_id=543"},"modified":"2016-08-23T17:20:06","modified_gmt":"2016-08-23T16:20:06","slug":"meine-personlichen-agb","status":"publish","type":"page","link":"http:\/\/waffenblog.tetra-gun.de\/?page_id=543","title":{"rendered":"Meine pers\u00f6nlichen AGB"},"content":{"rendered":"<ul class=\"uiList fbProfileEditExperiences _4kg _4ks\">\n<li class=\"_3pw9 _2pi4 _2ge8 profileText\">\n<div class=\"clearfix\">\n<div class=\"_4bl9\">Meine Devise:<\/div>\n<div class=\"_4bl9\"><span class=\"_c24 _50f4\">\u201cUnterstelle keinen Vorsatz, wenn es mit Dummheit ausreichend erkl\u00e4rt ist\u201d<\/p>\n<p>Die vorherrschende Dummheit meiner Zeitgenossen ist f\u00fcr mich nur mit Satire, Ironie und Sarkasmus zu ertragen, insofern sind meine Beitr\u00e4ge auf Facebook, meinem Blog und anderswo auch als SATIRE, IRONIE und SARKASMUS zu verstehen und nichts anderes hineinzuinterpretieren.<\/p>\n<p>(01.07.2016)Weiterhin gilt f\u00fcr die ungefragte \u00dcbernahme und Ver\u00f6ffentlichung meiner Aussagen und Zitate die ich auf Facebook oder meinem Blog hier, \u00a0in geschlossenen oder offenen Gruppen, t\u00e4tige, in Printmedien oder Telemedien oder auf Internetseiten folgende Honorarvereinbarung (Stand 01.06.2016):<br \/>\nMindesthonorar 200,&#8211; Euro, bei \u00dcbernahme von mehr als 2 Druckzeilen 2,&#8211; Euro pro Druckzeile (max 40 Zeichen) zus\u00e4tzlich.<br \/>\nDas Honorar ist f\u00fcr jede einzelne Ver\u00f6ffentlichung f\u00e4llig.<br \/>\nWer freundlich anfragt darf mich u.U. honorarfrei zitieren.<\/span><\/div>\n<\/div>\n<\/li>\n<\/ul>\n","protected":false},"excerpt":{"rendered":"<p>Meine Devise: \u201cUnterstelle keinen Vorsatz, wenn es mit Dummheit ausreichend erkl\u00e4rt ist\u201d Die vorherrschende Dummheit meiner Zeitgenossen ist f\u00fcr mich nur mit Satire, Ironie und Sarkasmus zu ertragen, insofern sind meine Beitr\u00e4ge auf Facebook, meinem Blog und anderswo auch als &hellip; <a href=\"http:\/\/waffenblog.tetra-gun.de\/?page_id=543\">Weiterlesen <span class=\"meta-nav\">&rarr;<\/span><\/a><\/p>\n","protected":false},"author":2,"featured_media":0,"parent":0,"menu_order":0,"comment_status":"closed","ping_status":"closed","template":"","meta":{"footnotes":""},"class_list":["post-543","page","type-page","status-publish","hentry"],"_links":{"self":[{"href":"http:\/\/waffenblog.tetra-gun.de\/index.php?rest_route=\/wp\/v2\/pages\/543","targetHints":{"allow":["GET"]}}],"collection":[{"href":"http:\/\/waffenblog.tetra-gun.de\/index.php?rest_route=\/wp\/v2\/pages"}],"about":[{"href":"http:\/\/waffenblog.tetra-gun.de\/index.php?rest_route=\/wp\/v2\/types\/page"}],"author":[{"embeddable":true,"href":"http:\/\/waffenblog.tetra-gun.de\/index.php?rest_route=\/wp\/v2\/users\/2"}],"replies":[{"embeddable":true,"href":"http:\/\/waffenblog.tetra-gun.de\/index.php?rest_route=%2Fwp%2Fv2%2Fcomments&post=543"}],"version-history":[{"count":3,"href":"http:\/\/waffenblog.tetra-gun.de\/index.php?rest_route=\/wp\/v2\/pages\/543\/revisions"}],"predecessor-version":[{"id":546,"href":"http:\/\/waffenblog.tetra-gun.de\/index.php?rest_route=\/wp\/v2\/pages\/543\/revisions\/546"}],"wp:attachment":[{"href":"http:\/\/waffenblog.tetra-gun.de\/index.php?rest_route=%2Fwp%2Fv2%2Fmedia&parent=543"}],"curies":[{"name":"wp","href":"https:\/\/api.w.org\/{rel}","templated":true}]}}