{"id":218,"date":"2011-11-28T19:19:44","date_gmt":"2011-11-28T18:19:44","guid":{"rendered":"http:\/\/waffenpflege.tetra-gun.de\/gebrauchsanleitung-fur-dieses-blog"},"modified":"2013-10-27T13:21:14","modified_gmt":"2013-10-27T12:21:14","slug":"gebrauchsanleitung-fur-dieses-blog","status":"publish","type":"page","link":"http:\/\/waffenblog.tetra-gun.de\/?page_id=218","title":{"rendered":"Gebrauchsanleitung f\u00fcr dieses Waffenblog"},"content":{"rendered":"<p>Wenn Sie dieses Blog kostenlos abonnieren m\u00f6chten, \u00a0gehen Sie bitte rechts auf die Seite unter &#8222;Meta&#8220;, &#8222;Eintr\u00e4ge RSS&#8220;. Zum Abonnieren der Kommentare \u00a0&#8222;Kommentare als RSS&#8220; w\u00e4hlen.<\/p>\n<p><strong>&#8222;Unterstelle keinen Vorsatz, wenn es mit Dummheit ausreichend erkl\u00e4rt ist&#8220;<\/strong><\/p>\n<p>Es gibt tats\u00e4chlich Menschen, die zu dumm zum Verstehen geschriebener Worte sind. Die sich nur an Bildern orientieren, f\u00fcr die eine Gebrauchsanleitung am Besten nur aus Comics bestehen sollte. F\u00fcr diese Menschen ist diese Anleitung ausdr\u00fccklich nicht gedacht, die sollten sich lieber von meinem Blog fernhalten.<\/p>\n<p>Ein Beispiel von &#8222;<strong><em>zudummzumverstehen<\/em><\/strong>&#8222;:<\/p>\n<p><img loading=\"lazy\" decoding=\"async\" class=\"aligncenter\" style=\"width: 330px; height: 516px;\" alt=\"\" src=\"http:\/\/kuhn24.net\/Sportschuetze_Stigma.gif\" width=\"330\" height=\"516\" align=\"middle\" hspace=\"60\" \/><\/p>\n<p>Es gibt wirklich Leute, bei denen der Anblick dieser Grafik eine sofortige &#8222;Lesesperre&#8220; ausl\u00f6st. Diese &#8222;Lesesperre&#8220; ist durch weitaufgerissene Augen und M\u00e4uler sowie gelegentliche Ohnmachtsanf\u00e4lle leicht zu erkennen. Manche Betrachter verlieren gar ihre Muttersprache, sie k\u00f6nnen nur noch zusammenhanglos stammeln: &#8222;Nazi, Nazi, Nazi, Nazi, Nazi&#8220;. Diese gar nicht so seltene Sprachst\u00f6rung ist eine Unterart der <a href=\"http:\/\/de.wikipedia.org\/wiki\/Logorrhoe\" target=\"_blank\">Logorrhoe<\/a>. Leider sind Menschen mit dieser Erkrankung f\u00fcr weitere Erkl\u00e4rungen auf Dauer nicht aufnahmef\u00e4hig.<\/p>\n<p>Denn: Erkl\u00e4rungen zur Entstehungsgeschichte dieses Bildchens habe ich in meinem Blog oft genug gegeben, der Einfachheit halber kopiere ich es aber nochmal hierher:<\/p>\n<blockquote><p><em>Wer diese Grafik als &#8222;rechtsradikal&#8220; und &#8222;neonazistisch&#8220; bezeichnet, hat entweder im Geschichtsunterricht nicht aufgepasst, oder plappert einfach dumm und unbedarft die gef\u00e4hrliche Polemik und Ideologie der linksgef\u00f6hnten Kommunazisten nach.<\/em><em><br \/>\n<\/em><\/p><\/blockquote>\n<blockquote><p><em> Was wird bem\u00e4ngelt? Nun, als erstes die &#8222;<strong>Nazirunen<\/strong>&#8222;. Welche Nazirunen? Aah, es wird die verwendete Schriftart (Fraktur) kritisiert. Diese w\u00fcrde gerne von den Neonazis in ihren Pamphleten verwendet, also m\u00fcsse ich auch einer sein. Ja was kann ich denn daf\u00fcr, wenn die Nazis so bl\u00f6de sind, eine Schriftart, deren Verwendung ihr &#8222;F\u00fchrer&#8220; h\u00f6chstpers\u00f6nlich verboten hat, die &#8222;<\/em><a href=\"http:\/\/de.wikipedia.org\/wiki\/Schwabacher\" target=\"_blank\"><em>Schwabacher Judenlettern<\/em><\/a><em>&#8222;,\u00a0 trotzdem zu benutzen?! Bin ich deshalb ein Nazi? Nur weil der Gr\u00f6FaZ diese Schrift zur gezielten Stigmatisierung der Juden instrumentalisierte? Nochmal: Die Nationalsozialisten verteufelten diese Schrift!\u00a0<\/em><\/p><\/blockquote>\n<blockquote><p><em>Lesen Sie dazu bitte auch: <\/em><a href=\"http:\/\/opus.kobv.de\/fhpotsdam\/volltexte\/2007\/28\/pdf\/Beck.pdf\" target=\"_blank\"><em>Friedrich Beck: \u201eSchwabacher Judenlettern\u201c &#8211; Schriftverruf im Dritten Reich.<\/em><\/a><em> in: Die Kunst des Vernetzens, Verlag f\u00fcr Berlin-Brandenburg, 2006, ISBN 3-86650-344-X, <\/em><a href=\"http:\/\/waffenpflege.tetra-gun.de\/archives\/202#comment-19111\" target=\"_blank\"><em>auch hier geht es um dieses Them<\/em><\/a><em>a.<\/em><\/p><\/blockquote>\n<blockquote><p><em>So. Man sieht, da\u00df ich diese Schriftart bewusst und auch gezielt verwende. Damit Verbote kritisiere, die Stigmatisierung anderer -vor allem meiner und die meiner Sportkameraden-\u00a0 ablehne.<\/em><\/p><\/blockquote>\n<blockquote><p><em>Man verurteilt aber auch das auf dem Kopf stehende <strong>rote Dreieck<\/strong> in der Grafik. Das w\u00e4re auch &#8222;so ein Nazikram&#8220;. Das stimmt nat\u00fcrlich. Die Nazionalsozialisten haben es erfunden. Allerdings ist es nicht so, wie es sich manche Gutmenschen in ihren feuchten Tr\u00e4umen vorstellen. Mit diesem Dreieck wurden <\/em><a href=\"http:\/\/de.wikipedia.org\/wiki\/Kennzeichnung_der_H\u00e4ftlinge_in_den_Konzentrationslagern\" target=\"_blank\"><em>n\u00e4mlich politische H\u00e4ftlinge in den Konzentrationslagern<\/em><\/a><em> der Nationalsozialisten gekennzeichnet, es diente der Gruppierung und -wieder mal, wie bei der Schriftart- der Stigmatisierung nicht genehmer Personen.<\/em><\/p><\/blockquote>\n<p>Wie man sehen kann, dient meine Grafik also dem Protest gegen die andauernde Stigmatisierung -von Seiten der Gr\u00fcnen, der SPD und der Linken, aber auch der Medien- der Sportsch\u00fctzen als M\u00f6rder und Terroristen, als Nazischie\u00dfausbilder und -waffenbeschaffer. Nichts anderes. Genau das Gegenteil von dem, was die Neonazis und Rechtsradikale mit Ihren &#8222;Zeichen&#8220; bezwecken. Ich hoffe, damit zu meiner &#8222;Entnazifizierung&#8220; beigetragen zu haben. Deshalb verbitte ich mir auch, da\u00df man mich -aus lauter Dummheit- als Neonazi oder Rechtsradikaler bezeichnet.<\/p>\n<p>Wer ebenfalls mutig seinen Protest nach au\u00dfen tragen will, das <a href=\"http:\/\/535836.spreadshirt.de\/\" target=\"_blank\">Motiv ist als T-Shirt und als Tasse k\u00e4uflich zu erwerben<\/a>.<\/p>\n<p>F\u00fcr den Rest meiner Leserschaft, also bis auf wenige fast alle Leser, noch ein Hinweis: Bitte folgen Sie den Links in meinen Beitr\u00e4gen, um die Quellen f\u00fcr meine Aussagen zu verifizieren. Sollte dabei mal was schiefgehen, scheuen Sie sich nicht, sich bei mir zu melden um etwas zu korrigieren. Niemand ist unfehlbar, ich auch nicht. Oftmals benutze ich aber die Links, um weiterf\u00fchrende Informationen zu geben, die dann sp\u00e4ter in meinen Texten wieder auftauchen, wo sie dann u.U. etwas einsam dastehen, wenn man den dazugeh\u00f6rigen Hintergrund nicht kennt.<\/p>\n<p>Und um ein f\u00fcr allemal eine Sache zu kl\u00e4ren: Wenn ich hier im Zusammenhang mit Parteien oder Organisationen pauschaliere, allen Mitgliedern dieselbe Denke unterstelle, dann ist das vollkommen korrekt. Denn, sollte jemand aus diesen Vereinigungen anderer Meinung sein als deren Vorturner, mu\u00df er das nur laut genug sagen, so da\u00df man es vernimmt (dann bekommt er\/sie Absolution) oder -falls er nicht geh\u00f6rt wird- die Konsequenzen daraus ziehen und austreten, k\u00fcndigen. Da solches Vorgehen von hier aus nicht erkennbar, ist eine Pauschalierung durchaus zul\u00e4ssig. Vielleicht f\u00fchrt es ja dazu, da\u00df der eine oder andere \u201cVerblendete\u201d seine Denkmaschine anschaltet, benutzt, und erkennt, welch falschen Weg &#8211; den in Unterdr\u00fcckung und Kommunismus- er geht.<\/p>\n<p align=\"center\">\u00a0<em>Michael Kuhn<\/em><\/p>\n<p align=\"center\"><object id=\"countdown\" width=\"400\" height=\"50\" classid=\"clsid:d27cdb6e-ae6d-11cf-96b8-444553540000\" codebase=\"http:\/\/download.macromedia.com\/pub\/shockwave\/cabs\/flash\/swflash.cab#version=6,0,40,0\"><param name=\"src\" value=\"http:\/\/countdownpage.createyourcountdown.com\/?filename=0000gtcdb34aa8cd6adeff6306bac6f53707b04b_110705141517\" \/><param name=\"codebase\" value=\"http:\/\/download.macromedia.com\/pub\/shockwave\/cabs\/flash\/swflash.cab#version=9,0,0,0\" \/><param name=\"allowfullscreen\" value=\"false\" \/><param name=\"allowscriptaccess\" value=\"sameDomain\" \/><param name=\"wmode\" value=\"transparent\" \/><embed id=\"countdown\" width=\"400\" height=\"50\" type=\"application\/x-shockwave-flash\" src=\"http:\/\/countdownpage.createyourcountdown.com\/?filename=0000gtcdb34aa8cd6adeff6306bac6f53707b04b_110705141517\" codebase=\"http:\/\/download.macromedia.com\/pub\/shockwave\/cabs\/flash\/swflash.cab#version=9,0,0,0\" allowfullscreen=\"false\" allowscriptaccess=\"sameDomain\" wmode=\"transparent\" \/><\/object><\/p>\n<p align=\"center\"><strong>oder sogar weniger, bis zur Bundestagswahl,<br \/>\nder daraufhin <\/strong><strong><span style=\"text-decoration: line-through;\">wahrscheinlich<\/span><\/strong><strong> folgenden Zeitenwende f\u00fcr den<br \/>\nSchie\u00dfsport, die Jagd und das Waffensammeln,<br \/>\nsowie <\/strong><strong>dem damit verbundenen Verlust Ihrer Freiheitsrechte<br \/>\nund Ihrer Sport- u. Jagdwaffen<br \/>\n<\/strong>(auch der Druckluft- u. Kleinkaliberwaffen)<\/p>\n<p align=\"center\">&#8222;WIR WERDEN SEHEN&#8220;<\/p>\n","protected":false},"excerpt":{"rendered":"<p>Wenn Sie dieses Blog kostenlos abonnieren m\u00f6chten, \u00a0gehen Sie bitte rechts auf die Seite unter &#8222;Meta&#8220;, &#8222;Eintr\u00e4ge RSS&#8220;. Zum Abonnieren der Kommentare \u00a0&#8222;Kommentare als RSS&#8220; w\u00e4hlen. &#8222;Unterstelle keinen Vorsatz, wenn es mit Dummheit ausreichend erkl\u00e4rt ist&#8220; Es gibt tats\u00e4chlich Menschen, &hellip; <a href=\"http:\/\/waffenblog.tetra-gun.de\/?page_id=218\">Weiterlesen <span class=\"meta-nav\">&rarr;<\/span><\/a><\/p>\n","protected":false},"author":2,"featured_media":0,"parent":0,"menu_order":0,"comment_status":"open","ping_status":"open","template":"","meta":{"footnotes":""},"class_list":["post-218","page","type-page","status-publish","hentry"],"_links":{"self":[{"href":"http:\/\/waffenblog.tetra-gun.de\/index.php?rest_route=\/wp\/v2\/pages\/218","targetHints":{"allow":["GET"]}}],"collection":[{"href":"http:\/\/waffenblog.tetra-gun.de\/index.php?rest_route=\/wp\/v2\/pages"}],"about":[{"href":"http:\/\/waffenblog.tetra-gun.de\/index.php?rest_route=\/wp\/v2\/types\/page"}],"author":[{"embeddable":true,"href":"http:\/\/waffenblog.tetra-gun.de\/index.php?rest_route=\/wp\/v2\/users\/2"}],"replies":[{"embeddable":true,"href":"http:\/\/waffenblog.tetra-gun.de\/index.php?rest_route=%2Fwp%2Fv2%2Fcomments&post=218"}],"version-history":[{"count":3,"href":"http:\/\/waffenblog.tetra-gun.de\/index.php?rest_route=\/wp\/v2\/pages\/218\/revisions"}],"predecessor-version":[{"id":533,"href":"http:\/\/waffenblog.tetra-gun.de\/index.php?rest_route=\/wp\/v2\/pages\/218\/revisions\/533"}],"wp:attachment":[{"href":"http:\/\/waffenblog.tetra-gun.de\/index.php?rest_route=%2Fwp%2Fv2%2Fmedia&parent=218"}],"curies":[{"name":"wp","href":"https:\/\/api.w.org\/{rel}","templated":true}]}}